{"id":19,"date":"2012-10-15T01:23:17","date_gmt":"2012-10-14T23:23:17","guid":{"rendered":"http:\/\/mail2.bulls.se:8070\/?page_id=19"},"modified":"2012-10-15T01:23:17","modified_gmt":"2012-10-14T23:23:17","slug":"adamson-priset","status":"publish","type":"page","link":"http:\/\/193.44.159.78\/en\/adamson-priset","title":{"rendered":"Adamson-priset"},"content":{"rendered":"<p><div id=\"attachment_287\" style=\"width: 156px\" class=\"wp-caption alignright\"><img loading=\"lazy\" decoding=\"async\" aria-describedby=\"caption-attachment-287\" class=\"size-full wp-image-287\" alt=\"Adamson-statyetten\" src=\"\/wp-content\/uploads\/2013\/09\/adamsonstatyett.jpg\" width=\"146\" height=\"250\" \/><p id=\"caption-attachment-287\" class=\"wp-caption-text\">Statyetten<\/p><\/div><br \/>\nF\u00f6r att uppm\u00e4rksamma kvalitetsserier i Sverige och utomlands besl\u00f6t akademin att varje \u00e5r dela ut Adamsonstatyetten i tv\u00e5 exemplar.<\/p>\n<p>Adamsonstatyetten \u00e4r uppkallad efter Oscar Jacobssons serie Adamson, som startade i sk\u00e4mttidningen S\u00f6ndags-Nisse 1920. Adamson \u00e4r fortfarande Sveriges internationellt mest spridda serie.<\/p>\n<p><a title=\"Pristagare\" href=\"\/?category_name=adamson\">Adamson-pristagare <\/a><\/p>\n","protected":false},"excerpt":{"rendered":"<p>F\u00f6r att uppm\u00e4rksamma kvalitetsserier i Sverige och utomlands besl\u00f6t akademin att varje \u00e5r dela ut Adamsonstatyetten i tv\u00e5 exemplar. Adamsonstatyetten \u00e4r uppkallad efter Oscar Jacobssons serie Adamson, som startade i sk\u00e4mttidningen S\u00f6ndags-Nisse 1920. Adamson \u00e4r fortfarande Sveriges internationellt mest spridda<span class=\"ellipsis\">&hellip;<\/span><\/p>\n<div class=\"read-more\"><a href=\"http:\/\/193.44.159.78\/en\/adamson-priset\">Read more &#8250;<\/a><\/div>\n<p><!-- end of .read-more --><\/p>\n","protected":false},"author":1,"featured_media":0,"parent":0,"menu_order":0,"comment_status":"closed","ping_status":"open","template":"","meta":{"footnotes":""},"class_list":["post-19","page","type-page","status-publish","hentry"],"yoast_head":"<!-- This site is optimized with the Yoast SEO plugin v26.6 - https:\/\/yoast.com\/wordpress\/plugins\/seo\/ -->\n<title>Adamson-priset - Svenska Serieakademin<\/title>\n<meta name=\"robots\" content=\"index, follow, max-snippet:-1, max-image-preview:large, max-video-preview:-1\" \/>\n<link rel=\"canonical\" href=\"http:\/\/serieakademin.se\/adamson-priset\" \/>\n<script type=\"application\/ld+json\" class=\"yoast-schema-graph\">{\"@context\":\"https:\/\/schema.org\",\"@graph\":[{\"@type\":\"WebPage\",\"@id\":\"http:\/\/serieakademin.se\/adamson-priset\",\"url\":\"http:\/\/serieakademin.se\/adamson-priset\",\"name\":\"Adamson-priset - Svenska Serieakademin\",\"isPartOf\":{\"@id\":\"http:\/\/serieakademin.se\/#website\"},\"datePublished\":\"2012-10-14T23:23:17+00:00\",\"breadcrumb\":{\"@id\":\"http:\/\/serieakademin.se\/adamson-priset#breadcrumb\"},\"inLanguage\":\"en-US\",\"potentialAction\":[{\"@type\":\"ReadAction\",\"target\":[\"http:\/\/serieakademin.se\/adamson-priset\"]}]},{\"@type\":\"BreadcrumbList\",\"@id\":\"http:\/\/serieakademin.se\/adamson-priset#breadcrumb\",\"itemListElement\":[{\"@type\":\"ListItem\",\"position\":1,\"name\":\"Hem\",\"item\":\"http:\/\/www.svenskaserieakademin.se\/\"},{\"@type\":\"ListItem\",\"position\":2,\"name\":\"Adamson-priset\"}]},{\"@type\":\"WebSite\",\"@id\":\"http:\/\/serieakademin.se\/#website\",\"url\":\"http:\/\/serieakademin.se\/\",\"name\":\"Svenska Serieakademin\",\"description\":\"Sk\u00e4mt och allvar\",\"potentialAction\":[{\"@type\":\"SearchAction\",\"target\":{\"@type\":\"EntryPoint\",\"urlTemplate\":\"http:\/\/serieakademin.se\/?s={search_term_string}\"},\"query-input\":{\"@type\":\"PropertyValueSpecification\",\"valueRequired\":true,\"valueName\":\"search_term_string\"}}],\"inLanguage\":\"en-US\"}]}<\/script>\n<!-- \/ Yoast SEO plugin. -->","yoast_head_json":{"title":"Adamson-priset - Svenska Serieakademin","robots":{"index":"index","follow":"follow","max-snippet":"max-snippet:-1","max-image-preview":"max-image-preview:large","max-video-preview":"max-video-preview:-1"},"canonical":"http:\/\/serieakademin.se\/adamson-priset","schema":{"@context":"https:\/\/schema.org","@graph":[{"@type":"WebPage","@id":"http:\/\/serieakademin.se\/adamson-priset","url":"http:\/\/serieakademin.se\/adamson-priset","name":"Adamson-priset - Svenska Serieakademin","isPartOf":{"@id":"http:\/\/serieakademin.se\/#website"},"datePublished":"2012-10-14T23:23:17+00:00","breadcrumb":{"@id":"http:\/\/serieakademin.se\/adamson-priset#breadcrumb"},"inLanguage":"en-US","potentialAction":[{"@type":"ReadAction","target":["http:\/\/serieakademin.se\/adamson-priset"]}]},{"@type":"BreadcrumbList","@id":"http:\/\/serieakademin.se\/adamson-priset#breadcrumb","itemListElement":[{"@type":"ListItem","position":1,"name":"Hem","item":"http:\/\/www.svenskaserieakademin.se\/"},{"@type":"ListItem","position":2,"name":"Adamson-priset"}]},{"@type":"WebSite","@id":"http:\/\/serieakademin.se\/#website","url":"http:\/\/serieakademin.se\/","name":"Svenska Serieakademin","description":"Sk\u00e4mt och allvar","potentialAction":[{"@type":"SearchAction","target":{"@type":"EntryPoint","urlTemplate":"http:\/\/serieakademin.se\/?s={search_term_string}"},"query-input":{"@type":"PropertyValueSpecification","valueRequired":true,"valueName":"search_term_string"}}],"inLanguage":"en-US"}]}},"_links":{"self":[{"href":"http:\/\/193.44.159.78\/en\/wp-json\/wp\/v2\/pages\/19","targetHints":{"allow":["GET"]}}],"collection":[{"href":"http:\/\/193.44.159.78\/en\/wp-json\/wp\/v2\/pages"}],"about":[{"href":"http:\/\/193.44.159.78\/en\/wp-json\/wp\/v2\/types\/page"}],"author":[{"embeddable":true,"href":"http:\/\/193.44.159.78\/en\/wp-json\/wp\/v2\/users\/1"}],"replies":[{"embeddable":true,"href":"http:\/\/193.44.159.78\/en\/wp-json\/wp\/v2\/comments?post=19"}],"version-history":[{"count":0,"href":"http:\/\/193.44.159.78\/en\/wp-json\/wp\/v2\/pages\/19\/revisions"}],"wp:attachment":[{"href":"http:\/\/193.44.159.78\/en\/wp-json\/wp\/v2\/media?parent=19"}],"curies":[{"name":"wp","href":"https:\/\/api.w.org\/{rel}","templated":true}]}}